{"id":3345,"date":"2021-12-03T14:52:31","date_gmt":"2021-12-03T14:52:31","guid":{"rendered":"https:\/\/peskasolutions.com\/product\/diamantklinga-adapter-60-mm-center-hole\/"},"modified":"2023-10-16T08:43:08","modified_gmt":"2023-10-16T08:43:08","slug":"timanttiteran-sovitin-60-mm-keskireikainen-reika","status":"publish","type":"product","link":"https:\/\/peskasolutions.com\/fi\/tuote\/timanttiteran-sovitin-60-mm-keskireikainen-reika\/","title":{"rendered":"TIMANTTILAIKKA ADAPTERI 60 mm CENTER-HOLE"},"content":{"rendered":"","protected":false},"excerpt":{"rendered":"","protected":false},"featured_media":2181,"comment_status":"closed","ping_status":"closed","template":"","meta":{"inline_featured_image":false,"_kad_blocks_custom_css":"","_kad_blocks_head_custom_js":"","_kad_blocks_body_custom_js":"","_kad_blocks_footer_custom_js":"","_kadence_starter_templates_imported_post":false,"_kad_post_transparent":"default","_kad_post_title":"","_kad_post_layout":"default","_kad_post_sidebar_id":"","_kad_post_content_style":"default","_kad_post_vertical_padding":"default","_kad_post_feature":"","_kad_post_feature_position":"","_kad_post_header":false,"_kad_post_footer":false,"_kad_post_classname":""},"product_brand":[],"product_cat":[85,83],"product_tag":[],"class_list":{"0":"post-3345","1":"product","2":"type-product","3":"status-publish","4":"has-post-thumbnail","6":"product_cat-hionta-ja-kalibrointityokalut","7":"product_cat-timantti-sahanterat","9":"first","10":"instock","11":"shipping-taxable","12":"purchasable","13":"product-type-simple","14":"entry","15":"content-bg","16":"loop-entry"},"yoast_head":"<!-- This site is optimized with the Yoast SEO plugin v27.6 - https:\/\/yoast.com\/product\/yoast-seo-wordpress\/ -->\n<title>Sahanter\u00e4,Timanttilaikka adapteri 60mm - Peska<\/title>\n<meta name=\"description\" content=\"Kvalitets s\u00e5gblad, diamantverktyg, f\u00f6r sten.Effektivera er s\u00e5gproduktion och best\u00e4ll diamantverktyg, finns \u00e4ven diamantklinga adapter, hos oss\" \/>\n<meta name=\"robots\" content=\"index, follow, max-snippet:-1, max-image-preview:large, max-video-preview:-1\" \/>\n<link rel=\"canonical\" href=\"https:\/\/peskasolutions.com\/fi\/tuote\/timanttiteran-sovitin-60-mm-keskireikainen-reika\/\" \/>\n<meta property=\"og:locale\" content=\"fi_FI\" \/>\n<meta property=\"og:type\" content=\"article\" \/>\n<meta property=\"og:title\" content=\"Sahanter\u00e4,Timanttilaikka adapteri 60mm - Peska\" \/>\n<meta property=\"og:description\" content=\"Kvalitets s\u00e5gblad, diamantverktyg, f\u00f6r sten.Effektivera er s\u00e5gproduktion och best\u00e4ll diamantverktyg, finns \u00e4ven diamantklinga adapter, hos oss\" \/>\n<meta property=\"og:url\" content=\"https:\/\/peskasolutions.com\/fi\/tuote\/timanttiteran-sovitin-60-mm-keskireikainen-reika\/\" \/>\n<meta property=\"og:site_name\" content=\"Peska\" \/>\n<meta property=\"article:modified_time\" content=\"2023-10-16T08:43:08+00:00\" \/>\n<meta property=\"og:image\" content=\"https:\/\/peskasolutions.com\/wp-content\/uploads\/2021\/12\/210212_esk_0033-kopia.jpg\" \/>\n\t<meta property=\"og:image:width\" content=\"1200\" \/>\n\t<meta property=\"og:image:height\" content=\"800\" \/>\n\t<meta property=\"og:image:type\" content=\"image\/jpeg\" \/>\n<meta name=\"twitter:card\" content=\"summary_large_image\" \/>\n<script type=\"application\/ld+json\" class=\"yoast-schema-graph\">{\"@context\":\"https:\\\/\\\/schema.org\",\"@graph\":[{\"@type\":\"WebPage\",\"@id\":\"https:\\\/\\\/peskasolutions.com\\\/fi\\\/tuote\\\/timanttiteran-sovitin-60-mm-keskireikainen-reika\\\/\",\"url\":\"https:\\\/\\\/peskasolutions.com\\\/fi\\\/tuote\\\/timanttiteran-sovitin-60-mm-keskireikainen-reika\\\/\",\"name\":\"Sahanter\u00e4,Timanttilaikka adapteri 60mm - Peska\",\"isPartOf\":{\"@id\":\"https:\\\/\\\/peskasolutions.com\\\/fi\\\/#website\"},\"primaryImageOfPage\":{\"@id\":\"https:\\\/\\\/peskasolutions.com\\\/fi\\\/tuote\\\/timanttiteran-sovitin-60-mm-keskireikainen-reika\\\/#primaryimage\"},\"image\":{\"@id\":\"https:\\\/\\\/peskasolutions.com\\\/fi\\\/tuote\\\/timanttiteran-sovitin-60-mm-keskireikainen-reika\\\/#primaryimage\"},\"thumbnailUrl\":\"https:\\\/\\\/peskasolutions.com\\\/wp-content\\\/uploads\\\/2021\\\/12\\\/210212_esk_0033-kopia.jpg\",\"datePublished\":\"2021-12-03T14:52:31+00:00\",\"dateModified\":\"2023-10-16T08:43:08+00:00\",\"description\":\"Kvalitets s\u00e5gblad, diamantverktyg, f\u00f6r sten.Effektivera er s\u00e5gproduktion och best\u00e4ll diamantverktyg, finns \u00e4ven diamantklinga adapter, hos oss\",\"breadcrumb\":{\"@id\":\"https:\\\/\\\/peskasolutions.com\\\/fi\\\/tuote\\\/timanttiteran-sovitin-60-mm-keskireikainen-reika\\\/#breadcrumb\"},\"inLanguage\":\"fi\",\"potentialAction\":[{\"@type\":\"ReadAction\",\"target\":[\"https:\\\/\\\/peskasolutions.com\\\/fi\\\/tuote\\\/timanttiteran-sovitin-60-mm-keskireikainen-reika\\\/\"]}]},{\"@type\":\"ImageObject\",\"inLanguage\":\"fi\",\"@id\":\"https:\\\/\\\/peskasolutions.com\\\/fi\\\/tuote\\\/timanttiteran-sovitin-60-mm-keskireikainen-reika\\\/#primaryimage\",\"url\":\"https:\\\/\\\/peskasolutions.com\\\/wp-content\\\/uploads\\\/2021\\\/12\\\/210212_esk_0033-kopia.jpg\",\"contentUrl\":\"https:\\\/\\\/peskasolutions.com\\\/wp-content\\\/uploads\\\/2021\\\/12\\\/210212_esk_0033-kopia.jpg\",\"width\":1200,\"height\":800,\"caption\":\"ADAPTER 60 mm CENTER-HOLE\"},{\"@type\":\"BreadcrumbList\",\"@id\":\"https:\\\/\\\/peskasolutions.com\\\/fi\\\/tuote\\\/timanttiteran-sovitin-60-mm-keskireikainen-reika\\\/#breadcrumb\",\"itemListElement\":[{\"@type\":\"ListItem\",\"position\":1,\"name\":\"Hem\",\"item\":\"https:\\\/\\\/peskasolutions.com\\\/fi\\\/\"},{\"@type\":\"ListItem\",\"position\":2,\"name\":\"Tuotteet\",\"item\":\"https:\\\/\\\/peskasolutions.com\\\/fi\\\/hiomalaikka-tuotteet\\\/\"},{\"@type\":\"ListItem\",\"position\":3,\"name\":\"TIMANTTILAIKKA ADAPTERI 60 mm CENTER-HOLE\"}]},{\"@type\":\"WebSite\",\"@id\":\"https:\\\/\\\/peskasolutions.com\\\/fi\\\/#website\",\"url\":\"https:\\\/\\\/peskasolutions.com\\\/fi\\\/\",\"name\":\"Peska\",\"description\":\"\",\"publisher\":{\"@id\":\"https:\\\/\\\/peskasolutions.com\\\/fi\\\/#organization\"},\"potentialAction\":[{\"@type\":\"SearchAction\",\"target\":{\"@type\":\"EntryPoint\",\"urlTemplate\":\"https:\\\/\\\/peskasolutions.com\\\/fi\\\/?s={search_term_string}\"},\"query-input\":{\"@type\":\"PropertyValueSpecification\",\"valueRequired\":true,\"valueName\":\"search_term_string\"}}],\"inLanguage\":\"fi\"},{\"@type\":\"Organization\",\"@id\":\"https:\\\/\\\/peskasolutions.com\\\/fi\\\/#organization\",\"name\":\"Peska\",\"url\":\"https:\\\/\\\/peskasolutions.com\\\/fi\\\/\",\"logo\":{\"@type\":\"ImageObject\",\"inLanguage\":\"fi\",\"@id\":\"https:\\\/\\\/peskasolutions.com\\\/fi\\\/#\\\/schema\\\/logo\\\/image\\\/\",\"url\":\"https:\\\/\\\/peskasolutions.com\\\/wp-content\\\/uploads\\\/2023\\\/08\\\/peska_logo_vertical_green-1.png\",\"contentUrl\":\"https:\\\/\\\/peskasolutions.com\\\/wp-content\\\/uploads\\\/2023\\\/08\\\/peska_logo_vertical_green-1.png\",\"width\":107,\"height\":108,\"caption\":\"Peska\"},\"image\":{\"@id\":\"https:\\\/\\\/peskasolutions.com\\\/fi\\\/#\\\/schema\\\/logo\\\/image\\\/\"}}]}<\/script>\n<!-- \/ Yoast SEO plugin. -->","yoast_head_json":{"title":"Sahanter\u00e4,Timanttilaikka adapteri 60mm - Peska","description":"Kvalitets s\u00e5gblad, diamantverktyg, f\u00f6r sten.Effektivera er s\u00e5gproduktion och best\u00e4ll diamantverktyg, finns \u00e4ven diamantklinga adapter, hos oss","robots":{"index":"index","follow":"follow","max-snippet":"max-snippet:-1","max-image-preview":"max-image-preview:large","max-video-preview":"max-video-preview:-1"},"canonical":"https:\/\/peskasolutions.com\/fi\/tuote\/timanttiteran-sovitin-60-mm-keskireikainen-reika\/","og_locale":"fi_FI","og_type":"article","og_title":"Sahanter\u00e4,Timanttilaikka adapteri 60mm - Peska","og_description":"Kvalitets s\u00e5gblad, diamantverktyg, f\u00f6r sten.Effektivera er s\u00e5gproduktion och best\u00e4ll diamantverktyg, finns \u00e4ven diamantklinga adapter, hos oss","og_url":"https:\/\/peskasolutions.com\/fi\/tuote\/timanttiteran-sovitin-60-mm-keskireikainen-reika\/","og_site_name":"Peska","article_modified_time":"2023-10-16T08:43:08+00:00","og_image":[{"width":1200,"height":800,"url":"https:\/\/peskasolutions.com\/wp-content\/uploads\/2021\/12\/210212_esk_0033-kopia.jpg","type":"image\/jpeg"}],"twitter_card":"summary_large_image","schema":{"@context":"https:\/\/schema.org","@graph":[{"@type":"WebPage","@id":"https:\/\/peskasolutions.com\/fi\/tuote\/timanttiteran-sovitin-60-mm-keskireikainen-reika\/","url":"https:\/\/peskasolutions.com\/fi\/tuote\/timanttiteran-sovitin-60-mm-keskireikainen-reika\/","name":"Sahanter\u00e4,Timanttilaikka adapteri 60mm - Peska","isPartOf":{"@id":"https:\/\/peskasolutions.com\/fi\/#website"},"primaryImageOfPage":{"@id":"https:\/\/peskasolutions.com\/fi\/tuote\/timanttiteran-sovitin-60-mm-keskireikainen-reika\/#primaryimage"},"image":{"@id":"https:\/\/peskasolutions.com\/fi\/tuote\/timanttiteran-sovitin-60-mm-keskireikainen-reika\/#primaryimage"},"thumbnailUrl":"https:\/\/peskasolutions.com\/wp-content\/uploads\/2021\/12\/210212_esk_0033-kopia.jpg","datePublished":"2021-12-03T14:52:31+00:00","dateModified":"2023-10-16T08:43:08+00:00","description":"Kvalitets s\u00e5gblad, diamantverktyg, f\u00f6r sten.Effektivera er s\u00e5gproduktion och best\u00e4ll diamantverktyg, finns \u00e4ven diamantklinga adapter, hos oss","breadcrumb":{"@id":"https:\/\/peskasolutions.com\/fi\/tuote\/timanttiteran-sovitin-60-mm-keskireikainen-reika\/#breadcrumb"},"inLanguage":"fi","potentialAction":[{"@type":"ReadAction","target":["https:\/\/peskasolutions.com\/fi\/tuote\/timanttiteran-sovitin-60-mm-keskireikainen-reika\/"]}]},{"@type":"ImageObject","inLanguage":"fi","@id":"https:\/\/peskasolutions.com\/fi\/tuote\/timanttiteran-sovitin-60-mm-keskireikainen-reika\/#primaryimage","url":"https:\/\/peskasolutions.com\/wp-content\/uploads\/2021\/12\/210212_esk_0033-kopia.jpg","contentUrl":"https:\/\/peskasolutions.com\/wp-content\/uploads\/2021\/12\/210212_esk_0033-kopia.jpg","width":1200,"height":800,"caption":"ADAPTER 60 mm CENTER-HOLE"},{"@type":"BreadcrumbList","@id":"https:\/\/peskasolutions.com\/fi\/tuote\/timanttiteran-sovitin-60-mm-keskireikainen-reika\/#breadcrumb","itemListElement":[{"@type":"ListItem","position":1,"name":"Hem","item":"https:\/\/peskasolutions.com\/fi\/"},{"@type":"ListItem","position":2,"name":"Tuotteet","item":"https:\/\/peskasolutions.com\/fi\/hiomalaikka-tuotteet\/"},{"@type":"ListItem","position":3,"name":"TIMANTTILAIKKA ADAPTERI 60 mm CENTER-HOLE"}]},{"@type":"WebSite","@id":"https:\/\/peskasolutions.com\/fi\/#website","url":"https:\/\/peskasolutions.com\/fi\/","name":"Peska","description":"","publisher":{"@id":"https:\/\/peskasolutions.com\/fi\/#organization"},"potentialAction":[{"@type":"SearchAction","target":{"@type":"EntryPoint","urlTemplate":"https:\/\/peskasolutions.com\/fi\/?s={search_term_string}"},"query-input":{"@type":"PropertyValueSpecification","valueRequired":true,"valueName":"search_term_string"}}],"inLanguage":"fi"},{"@type":"Organization","@id":"https:\/\/peskasolutions.com\/fi\/#organization","name":"Peska","url":"https:\/\/peskasolutions.com\/fi\/","logo":{"@type":"ImageObject","inLanguage":"fi","@id":"https:\/\/peskasolutions.com\/fi\/#\/schema\/logo\/image\/","url":"https:\/\/peskasolutions.com\/wp-content\/uploads\/2023\/08\/peska_logo_vertical_green-1.png","contentUrl":"https:\/\/peskasolutions.com\/wp-content\/uploads\/2023\/08\/peska_logo_vertical_green-1.png","width":107,"height":108,"caption":"Peska"},"image":{"@id":"https:\/\/peskasolutions.com\/fi\/#\/schema\/logo\/image\/"}}]}},"taxonomy_info":{"product_cat":[{"value":85,"label":"Hionta Ja Kalibrointityokalut"},{"value":83,"label":"Timantti sahanter\u00e4t"}]},"featured_image_src_large":["https:\/\/peskasolutions.com\/wp-content\/uploads\/2021\/12\/210212_esk_0033-kopia-1024x683.jpg",1024,683,true],"author_info":[],"comment_info":0,"_links":{"self":[{"href":"https:\/\/peskasolutions.com\/fi\/wp-json\/wp\/v2\/product\/3345","targetHints":{"allow":["GET"]}}],"collection":[{"href":"https:\/\/peskasolutions.com\/fi\/wp-json\/wp\/v2\/product"}],"about":[{"href":"https:\/\/peskasolutions.com\/fi\/wp-json\/wp\/v2\/types\/product"}],"replies":[{"embeddable":true,"href":"https:\/\/peskasolutions.com\/fi\/wp-json\/wp\/v2\/comments?post=3345"}],"wp:featuredmedia":[{"embeddable":true,"href":"https:\/\/peskasolutions.com\/fi\/wp-json\/wp\/v2\/media\/2181"}],"wp:attachment":[{"href":"https:\/\/peskasolutions.com\/fi\/wp-json\/wp\/v2\/media?parent=3345"}],"wp:term":[{"taxonomy":"product_brand","embeddable":true,"href":"https:\/\/peskasolutions.com\/fi\/wp-json\/wp\/v2\/product_brand?post=3345"},{"taxonomy":"product_cat","embeddable":true,"href":"https:\/\/peskasolutions.com\/fi\/wp-json\/wp\/v2\/product_cat?post=3345"},{"taxonomy":"product_tag","embeddable":true,"href":"https:\/\/peskasolutions.com\/fi\/wp-json\/wp\/v2\/product_tag?post=3345"}],"curies":[{"name":"wp","href":"https:\/\/api.w.org\/{rel}","templated":true}]}}