{"id":3393,"date":"2021-09-27T11:18:06","date_gmt":"2021-09-27T11:18:06","guid":{"rendered":"https:\/\/peskasolutions.com\/product\/karnborr-a-diamond-reset-segment\/"},"modified":"2023-09-15T13:04:06","modified_gmt":"2023-09-15T13:04:06","slug":"a-diamond-reset-segment","status":"publish","type":"product","link":"https:\/\/peskasolutions.com\/fi\/tuote\/a-diamond-reset-segment\/","title":{"rendered":"K\u00c4RNBORR A DIAMOND RESET SEGMENT"},"content":{"rendered":"<table>\n<tbody>\n<tr>\n<td>KOKO<\/td>\n<\/tr>\n<tr>\n<td>All sizes<\/td>\n<\/tr>\n<\/tbody>\n<\/table>\n<p>&nbsp;<\/p>\n","protected":false},"excerpt":{"rendered":"<p>Segment till ARIX-k\u00e4rnborr f\u00f6r granit, kvartsit, marmor och betong. V\u00e5ra ARIX-k\u00e4rnborrar kan variera en stor variation av olika material.<\/p>\n","protected":false},"featured_media":2364,"comment_status":"closed","ping_status":"closed","template":"","meta":{"inline_featured_image":false,"_kad_blocks_custom_css":"","_kad_blocks_head_custom_js":"","_kad_blocks_body_custom_js":"","_kad_blocks_footer_custom_js":"","_kadence_starter_templates_imported_post":false,"_kad_post_transparent":"default","_kad_post_title":"","_kad_post_layout":"default","_kad_post_sidebar_id":"","_kad_post_content_style":"default","_kad_post_vertical_padding":"default","_kad_post_feature":"","_kad_post_feature_position":"","_kad_post_header":false,"_kad_post_footer":false,"_kad_post_classname":""},"product_brand":[],"product_cat":[111],"product_tag":[95,112,93,88],"class_list":{"0":"post-3393","1":"product","2":"type-product","3":"status-publish","4":"has-post-thumbnail","6":"product_cat-timanttiporat","7":"product_tag-graniitti-fi","8":"product_tag-kvartsiitti","9":"product_tag-marmori","10":"product_tag-skiffer-fi","12":"first","13":"instock","14":"shipping-taxable","15":"purchasable","16":"product-type-simple","17":"entry","18":"content-bg","19":"loop-entry"},"yoast_head":"<!-- This site is optimized with the Yoast SEO plugin v27.6 - https:\/\/yoast.com\/product\/yoast-seo-wordpress\/ -->\n<title>K\u00c4RNBORR A DIAMOND RESET SEGMENT - Peska<\/title>\n<meta name=\"description\" content=\"Segment till k\u00e4rnborr f\u00f6r betong, granit, marmor och kvartsit. ARIX-k\u00e4rnborrar h\u00e5ller l\u00e4ngre, \u00e4r t\u00e5ligare och vassare.\" \/>\n<meta name=\"robots\" content=\"index, follow, max-snippet:-1, max-image-preview:large, max-video-preview:-1\" \/>\n<link rel=\"canonical\" href=\"https:\/\/peskasolutions.com\/fi\/tuote\/a-diamond-reset-segment\/\" \/>\n<meta property=\"og:locale\" content=\"fi_FI\" \/>\n<meta property=\"og:type\" content=\"article\" \/>\n<meta property=\"og:title\" content=\"K\u00c4RNBORR A DIAMOND RESET SEGMENT - Peska\" \/>\n<meta property=\"og:description\" content=\"Segment till k\u00e4rnborr f\u00f6r betong, granit, marmor och kvartsit. ARIX-k\u00e4rnborrar h\u00e5ller l\u00e4ngre, \u00e4r t\u00e5ligare och vassare.\" \/>\n<meta property=\"og:url\" content=\"https:\/\/peskasolutions.com\/fi\/tuote\/a-diamond-reset-segment\/\" \/>\n<meta property=\"og:site_name\" content=\"Peska\" \/>\n<meta property=\"article:modified_time\" content=\"2023-09-15T13:04:06+00:00\" \/>\n<meta property=\"og:image\" content=\"https:\/\/peskasolutions.com\/wp-content\/uploads\/2021\/09\/210212_esk_0084.jpg\" \/>\n\t<meta property=\"og:image:width\" content=\"1000\" \/>\n\t<meta property=\"og:image:height\" content=\"800\" \/>\n\t<meta property=\"og:image:type\" content=\"image\/jpeg\" \/>\n<meta name=\"twitter:card\" content=\"summary_large_image\" \/>\n<meta name=\"twitter:label1\" content=\"Arvioitu lukuaika\" \/>\n\t<meta name=\"twitter:data1\" content=\"1 minuutti\" \/>\n<script type=\"application\/ld+json\" class=\"yoast-schema-graph\">{\"@context\":\"https:\\\/\\\/schema.org\",\"@graph\":[{\"@type\":\"WebPage\",\"@id\":\"https:\\\/\\\/peskasolutions.com\\\/fi\\\/tuote\\\/a-diamond-reset-segment\\\/\",\"url\":\"https:\\\/\\\/peskasolutions.com\\\/fi\\\/tuote\\\/a-diamond-reset-segment\\\/\",\"name\":\"K\u00c4RNBORR A DIAMOND RESET SEGMENT - Peska\",\"isPartOf\":{\"@id\":\"https:\\\/\\\/peskasolutions.com\\\/fi\\\/#website\"},\"primaryImageOfPage\":{\"@id\":\"https:\\\/\\\/peskasolutions.com\\\/fi\\\/tuote\\\/a-diamond-reset-segment\\\/#primaryimage\"},\"image\":{\"@id\":\"https:\\\/\\\/peskasolutions.com\\\/fi\\\/tuote\\\/a-diamond-reset-segment\\\/#primaryimage\"},\"thumbnailUrl\":\"https:\\\/\\\/peskasolutions.com\\\/wp-content\\\/uploads\\\/2021\\\/09\\\/210212_esk_0084.jpg\",\"datePublished\":\"2021-09-27T11:18:06+00:00\",\"dateModified\":\"2023-09-15T13:04:06+00:00\",\"description\":\"Segment till k\u00e4rnborr f\u00f6r betong, granit, marmor och kvartsit. ARIX-k\u00e4rnborrar h\u00e5ller l\u00e4ngre, \u00e4r t\u00e5ligare och vassare.\",\"breadcrumb\":{\"@id\":\"https:\\\/\\\/peskasolutions.com\\\/fi\\\/tuote\\\/a-diamond-reset-segment\\\/#breadcrumb\"},\"inLanguage\":\"fi\",\"potentialAction\":[{\"@type\":\"ReadAction\",\"target\":[\"https:\\\/\\\/peskasolutions.com\\\/fi\\\/tuote\\\/a-diamond-reset-segment\\\/\"]}]},{\"@type\":\"ImageObject\",\"inLanguage\":\"fi\",\"@id\":\"https:\\\/\\\/peskasolutions.com\\\/fi\\\/tuote\\\/a-diamond-reset-segment\\\/#primaryimage\",\"url\":\"https:\\\/\\\/peskasolutions.com\\\/wp-content\\\/uploads\\\/2021\\\/09\\\/210212_esk_0084.jpg\",\"contentUrl\":\"https:\\\/\\\/peskasolutions.com\\\/wp-content\\\/uploads\\\/2021\\\/09\\\/210212_esk_0084.jpg\",\"width\":1000,\"height\":800},{\"@type\":\"BreadcrumbList\",\"@id\":\"https:\\\/\\\/peskasolutions.com\\\/fi\\\/tuote\\\/a-diamond-reset-segment\\\/#breadcrumb\",\"itemListElement\":[{\"@type\":\"ListItem\",\"position\":1,\"name\":\"Hem\",\"item\":\"https:\\\/\\\/peskasolutions.com\\\/fi\\\/\"},{\"@type\":\"ListItem\",\"position\":2,\"name\":\"Tuotteet\",\"item\":\"https:\\\/\\\/peskasolutions.com\\\/fi\\\/hiomalaikka-tuotteet\\\/\"},{\"@type\":\"ListItem\",\"position\":3,\"name\":\"K\u00c4RNBORR A DIAMOND RESET SEGMENT\"}]},{\"@type\":\"WebSite\",\"@id\":\"https:\\\/\\\/peskasolutions.com\\\/fi\\\/#website\",\"url\":\"https:\\\/\\\/peskasolutions.com\\\/fi\\\/\",\"name\":\"Peska\",\"description\":\"\",\"publisher\":{\"@id\":\"https:\\\/\\\/peskasolutions.com\\\/fi\\\/#organization\"},\"potentialAction\":[{\"@type\":\"SearchAction\",\"target\":{\"@type\":\"EntryPoint\",\"urlTemplate\":\"https:\\\/\\\/peskasolutions.com\\\/fi\\\/?s={search_term_string}\"},\"query-input\":{\"@type\":\"PropertyValueSpecification\",\"valueRequired\":true,\"valueName\":\"search_term_string\"}}],\"inLanguage\":\"fi\"},{\"@type\":\"Organization\",\"@id\":\"https:\\\/\\\/peskasolutions.com\\\/fi\\\/#organization\",\"name\":\"Peska\",\"url\":\"https:\\\/\\\/peskasolutions.com\\\/fi\\\/\",\"logo\":{\"@type\":\"ImageObject\",\"inLanguage\":\"fi\",\"@id\":\"https:\\\/\\\/peskasolutions.com\\\/fi\\\/#\\\/schema\\\/logo\\\/image\\\/\",\"url\":\"https:\\\/\\\/peskasolutions.com\\\/wp-content\\\/uploads\\\/2023\\\/08\\\/peska_logo_vertical_green-1.png\",\"contentUrl\":\"https:\\\/\\\/peskasolutions.com\\\/wp-content\\\/uploads\\\/2023\\\/08\\\/peska_logo_vertical_green-1.png\",\"width\":107,\"height\":108,\"caption\":\"Peska\"},\"image\":{\"@id\":\"https:\\\/\\\/peskasolutions.com\\\/fi\\\/#\\\/schema\\\/logo\\\/image\\\/\"}}]}<\/script>\n<!-- \/ Yoast SEO plugin. -->","yoast_head_json":{"title":"K\u00c4RNBORR A DIAMOND RESET SEGMENT - Peska","description":"Segment till k\u00e4rnborr f\u00f6r betong, granit, marmor och kvartsit. ARIX-k\u00e4rnborrar h\u00e5ller l\u00e4ngre, \u00e4r t\u00e5ligare och vassare.","robots":{"index":"index","follow":"follow","max-snippet":"max-snippet:-1","max-image-preview":"max-image-preview:large","max-video-preview":"max-video-preview:-1"},"canonical":"https:\/\/peskasolutions.com\/fi\/tuote\/a-diamond-reset-segment\/","og_locale":"fi_FI","og_type":"article","og_title":"K\u00c4RNBORR A DIAMOND RESET SEGMENT - Peska","og_description":"Segment till k\u00e4rnborr f\u00f6r betong, granit, marmor och kvartsit. ARIX-k\u00e4rnborrar h\u00e5ller l\u00e4ngre, \u00e4r t\u00e5ligare och vassare.","og_url":"https:\/\/peskasolutions.com\/fi\/tuote\/a-diamond-reset-segment\/","og_site_name":"Peska","article_modified_time":"2023-09-15T13:04:06+00:00","og_image":[{"width":1000,"height":800,"url":"https:\/\/peskasolutions.com\/wp-content\/uploads\/2021\/09\/210212_esk_0084.jpg","type":"image\/jpeg"}],"twitter_card":"summary_large_image","twitter_misc":{"Arvioitu lukuaika":"1 minuutti"},"schema":{"@context":"https:\/\/schema.org","@graph":[{"@type":"WebPage","@id":"https:\/\/peskasolutions.com\/fi\/tuote\/a-diamond-reset-segment\/","url":"https:\/\/peskasolutions.com\/fi\/tuote\/a-diamond-reset-segment\/","name":"K\u00c4RNBORR A DIAMOND RESET SEGMENT - Peska","isPartOf":{"@id":"https:\/\/peskasolutions.com\/fi\/#website"},"primaryImageOfPage":{"@id":"https:\/\/peskasolutions.com\/fi\/tuote\/a-diamond-reset-segment\/#primaryimage"},"image":{"@id":"https:\/\/peskasolutions.com\/fi\/tuote\/a-diamond-reset-segment\/#primaryimage"},"thumbnailUrl":"https:\/\/peskasolutions.com\/wp-content\/uploads\/2021\/09\/210212_esk_0084.jpg","datePublished":"2021-09-27T11:18:06+00:00","dateModified":"2023-09-15T13:04:06+00:00","description":"Segment till k\u00e4rnborr f\u00f6r betong, granit, marmor och kvartsit. ARIX-k\u00e4rnborrar h\u00e5ller l\u00e4ngre, \u00e4r t\u00e5ligare och vassare.","breadcrumb":{"@id":"https:\/\/peskasolutions.com\/fi\/tuote\/a-diamond-reset-segment\/#breadcrumb"},"inLanguage":"fi","potentialAction":[{"@type":"ReadAction","target":["https:\/\/peskasolutions.com\/fi\/tuote\/a-diamond-reset-segment\/"]}]},{"@type":"ImageObject","inLanguage":"fi","@id":"https:\/\/peskasolutions.com\/fi\/tuote\/a-diamond-reset-segment\/#primaryimage","url":"https:\/\/peskasolutions.com\/wp-content\/uploads\/2021\/09\/210212_esk_0084.jpg","contentUrl":"https:\/\/peskasolutions.com\/wp-content\/uploads\/2021\/09\/210212_esk_0084.jpg","width":1000,"height":800},{"@type":"BreadcrumbList","@id":"https:\/\/peskasolutions.com\/fi\/tuote\/a-diamond-reset-segment\/#breadcrumb","itemListElement":[{"@type":"ListItem","position":1,"name":"Hem","item":"https:\/\/peskasolutions.com\/fi\/"},{"@type":"ListItem","position":2,"name":"Tuotteet","item":"https:\/\/peskasolutions.com\/fi\/hiomalaikka-tuotteet\/"},{"@type":"ListItem","position":3,"name":"K\u00c4RNBORR A DIAMOND RESET SEGMENT"}]},{"@type":"WebSite","@id":"https:\/\/peskasolutions.com\/fi\/#website","url":"https:\/\/peskasolutions.com\/fi\/","name":"Peska","description":"","publisher":{"@id":"https:\/\/peskasolutions.com\/fi\/#organization"},"potentialAction":[{"@type":"SearchAction","target":{"@type":"EntryPoint","urlTemplate":"https:\/\/peskasolutions.com\/fi\/?s={search_term_string}"},"query-input":{"@type":"PropertyValueSpecification","valueRequired":true,"valueName":"search_term_string"}}],"inLanguage":"fi"},{"@type":"Organization","@id":"https:\/\/peskasolutions.com\/fi\/#organization","name":"Peska","url":"https:\/\/peskasolutions.com\/fi\/","logo":{"@type":"ImageObject","inLanguage":"fi","@id":"https:\/\/peskasolutions.com\/fi\/#\/schema\/logo\/image\/","url":"https:\/\/peskasolutions.com\/wp-content\/uploads\/2023\/08\/peska_logo_vertical_green-1.png","contentUrl":"https:\/\/peskasolutions.com\/wp-content\/uploads\/2023\/08\/peska_logo_vertical_green-1.png","width":107,"height":108,"caption":"Peska"},"image":{"@id":"https:\/\/peskasolutions.com\/fi\/#\/schema\/logo\/image\/"}}]}},"taxonomy_info":{"product_cat":[{"value":111,"label":"Timanttiporat"}],"product_tag":[{"value":95,"label":"Graniitti"},{"value":112,"label":"Kvartsiitti"},{"value":93,"label":"Marmori"},{"value":88,"label":"Skiffer"}]},"featured_image_src_large":["https:\/\/peskasolutions.com\/wp-content\/uploads\/2021\/09\/210212_esk_0084.jpg",1000,800,false],"author_info":[],"comment_info":0,"_links":{"self":[{"href":"https:\/\/peskasolutions.com\/fi\/wp-json\/wp\/v2\/product\/3393","targetHints":{"allow":["GET"]}}],"collection":[{"href":"https:\/\/peskasolutions.com\/fi\/wp-json\/wp\/v2\/product"}],"about":[{"href":"https:\/\/peskasolutions.com\/fi\/wp-json\/wp\/v2\/types\/product"}],"replies":[{"embeddable":true,"href":"https:\/\/peskasolutions.com\/fi\/wp-json\/wp\/v2\/comments?post=3393"}],"wp:featuredmedia":[{"embeddable":true,"href":"https:\/\/peskasolutions.com\/fi\/wp-json\/wp\/v2\/media\/2364"}],"wp:attachment":[{"href":"https:\/\/peskasolutions.com\/fi\/wp-json\/wp\/v2\/media?parent=3393"}],"wp:term":[{"taxonomy":"product_brand","embeddable":true,"href":"https:\/\/peskasolutions.com\/fi\/wp-json\/wp\/v2\/product_brand?post=3393"},{"taxonomy":"product_cat","embeddable":true,"href":"https:\/\/peskasolutions.com\/fi\/wp-json\/wp\/v2\/product_cat?post=3393"},{"taxonomy":"product_tag","embeddable":true,"href":"https:\/\/peskasolutions.com\/fi\/wp-json\/wp\/v2\/product_tag?post=3393"}],"curies":[{"name":"wp","href":"https:\/\/api.w.org\/{rel}","templated":true}]}}