{"id":3459,"date":"2021-09-21T16:32:26","date_gmt":"2021-09-21T16:32:26","guid":{"rendered":"https:\/\/peskasolutions.com\/product\/diamantklinga-asfalt-o-350-450-mm\/"},"modified":"2023-09-16T07:03:17","modified_gmt":"2023-09-16T07:03:17","slug":"timanttilaikka-asfaltti-o-350-450-mm","status":"publish","type":"product","link":"https:\/\/peskasolutions.com\/fi\/tuote\/timanttilaikka-asfaltti-o-350-450-mm\/","title":{"rendered":"TIMANTTILAIKKA ASFALTTI \u00d8 350-450 mm"},"content":{"rendered":"<table>\n<tbody>\n<tr>\n<td>TYP<\/td>\n<td>DIAMETER<\/td>\n<td>SEGMENTH\u00d6JD<\/td>\n<td>SEGMENTL\u00c4NGD<\/td>\n<td>SEGMENTTJOCKLEK<\/td>\n<td>CENTERH\u00c5L<\/td>\n<\/tr>\n<tr>\n<td><span data-sheets-value=\"{&quot;1&quot;:2,&quot;2&quot;:&quot;Lasersvetsade&quot;}\" data-sheets-userformat=\"{&quot;2&quot;:6659,&quot;3&quot;:{&quot;1&quot;:0},&quot;4&quot;:{&quot;1&quot;:2,&quot;2&quot;:16777215},&quot;12&quot;:0,&quot;14&quot;:{&quot;1&quot;:2,&quot;2&quot;:0},&quot;15&quot;:&quot;Montserrat&quot;}\">Lasersvetsade<\/span><\/td>\n<td><span data-sheets-value=\"{&quot;1&quot;:3,&quot;3&quot;:350}\" data-sheets-userformat=\"{&quot;2&quot;:4673,&quot;3&quot;:{&quot;1&quot;:0},&quot;9&quot;:2,&quot;12&quot;:0,&quot;15&quot;:&quot;Montserrat&quot;}\">350<\/span><\/td>\n<td><span data-sheets-value=\"{&quot;1&quot;:2,&quot;2&quot;:&quot;15\/20mm&quot;}\" data-sheets-userformat=\"{&quot;2&quot;:4673,&quot;3&quot;:{&quot;1&quot;:0},&quot;9&quot;:2,&quot;12&quot;:0,&quot;15&quot;:&quot;Montserrat&quot;}\">15\/20 mm<\/span><\/td>\n<td><span data-sheets-value=\"{&quot;1&quot;:2,&quot;2&quot;:&quot;20\/40mm&quot;}\" data-sheets-userformat=\"{&quot;2&quot;:4673,&quot;3&quot;:{&quot;1&quot;:0},&quot;9&quot;:2,&quot;12&quot;:0,&quot;15&quot;:&quot;Montserrat&quot;}\">20\/40 mm<\/span><\/td>\n<td><span data-sheets-value=\"{&quot;1&quot;:2,&quot;2&quot;:&quot;3,0\/3,2mm&quot;}\" data-sheets-userformat=\"{&quot;2&quot;:4673,&quot;3&quot;:{&quot;1&quot;:0},&quot;9&quot;:2,&quot;12&quot;:0,&quot;15&quot;:&quot;Montserrat&quot;}\">3,0\/3,2 mm<\/span><\/td>\n<td><span data-sheets-value=\"{&quot;1&quot;:2,&quot;2&quot;:&quot;22,23mm \/25,4mm 50\/60mm&quot;}\" data-sheets-userformat=\"{&quot;2&quot;:4929,&quot;3&quot;:{&quot;1&quot;:0},&quot;9&quot;:2,&quot;11&quot;:4,&quot;12&quot;:0,&quot;15&quot;:&quot;Montserrat&quot;}\">22,23 mm \/25,4 mm 50\/60 mm<\/span><\/td>\n<\/tr>\n<tr>\n<td><span data-sheets-value=\"{&quot;1&quot;:2,&quot;2&quot;:&quot;Lasersvetsade&quot;}\" data-sheets-userformat=\"{&quot;2&quot;:6659,&quot;3&quot;:{&quot;1&quot;:0},&quot;4&quot;:{&quot;1&quot;:2,&quot;2&quot;:16777215},&quot;12&quot;:0,&quot;14&quot;:{&quot;1&quot;:2,&quot;2&quot;:0},&quot;15&quot;:&quot;Montserrat&quot;}\">Lasersvetsade<\/span><\/td>\n<td><span data-sheets-value=\"{&quot;1&quot;:3,&quot;3&quot;:400}\" data-sheets-userformat=\"{&quot;2&quot;:4673,&quot;3&quot;:{&quot;1&quot;:0},&quot;9&quot;:2,&quot;12&quot;:0,&quot;15&quot;:&quot;Montserrat&quot;}\">400<\/span><\/td>\n<td><span data-sheets-value=\"{&quot;1&quot;:2,&quot;2&quot;:&quot;15\/20mm&quot;}\" data-sheets-userformat=\"{&quot;2&quot;:4673,&quot;3&quot;:{&quot;1&quot;:0},&quot;9&quot;:2,&quot;12&quot;:0,&quot;15&quot;:&quot;Montserrat&quot;}\">15\/20 mm<\/span><\/td>\n<td><span data-sheets-value=\"{&quot;1&quot;:2,&quot;2&quot;:&quot;20\/40mm&quot;}\" data-sheets-userformat=\"{&quot;2&quot;:4673,&quot;3&quot;:{&quot;1&quot;:0},&quot;9&quot;:2,&quot;12&quot;:0,&quot;15&quot;:&quot;Montserrat&quot;}\">20\/40 mm<\/span><\/td>\n<td><span data-sheets-value=\"{&quot;1&quot;:2,&quot;2&quot;:&quot;3,6mm&quot;}\" data-sheets-userformat=\"{&quot;2&quot;:4673,&quot;3&quot;:{&quot;1&quot;:0},&quot;9&quot;:2,&quot;12&quot;:0,&quot;15&quot;:&quot;Montserrat&quot;}\">3,6 mm<\/span><\/td>\n<td><span data-sheets-value=\"{&quot;1&quot;:2,&quot;2&quot;:&quot;22,23mm \/25,4mm 50\/60mm&quot;}\" data-sheets-userformat=\"{&quot;2&quot;:4929,&quot;3&quot;:{&quot;1&quot;:0},&quot;9&quot;:2,&quot;11&quot;:4,&quot;12&quot;:0,&quot;15&quot;:&quot;Montserrat&quot;}\">22,23 mm \/25,4 mm 50\/60 mm<\/span><\/td>\n<\/tr>\n<tr>\n<td><span data-sheets-value=\"{&quot;1&quot;:2,&quot;2&quot;:&quot;Lasersvetsade&quot;}\" data-sheets-userformat=\"{&quot;2&quot;:6659,&quot;3&quot;:{&quot;1&quot;:0},&quot;4&quot;:{&quot;1&quot;:2,&quot;2&quot;:16777215},&quot;12&quot;:0,&quot;14&quot;:{&quot;1&quot;:2,&quot;2&quot;:0},&quot;15&quot;:&quot;Montserrat&quot;}\">Lasersvetsade<\/span><\/td>\n<td><span data-sheets-value=\"{&quot;1&quot;:3,&quot;3&quot;:450}\" data-sheets-userformat=\"{&quot;2&quot;:4673,&quot;3&quot;:{&quot;1&quot;:0},&quot;9&quot;:2,&quot;12&quot;:0,&quot;15&quot;:&quot;Montserrat&quot;}\">450<\/span><\/td>\n<td><span data-sheets-value=\"{&quot;1&quot;:2,&quot;2&quot;:&quot;15\/20mm&quot;}\" data-sheets-userformat=\"{&quot;2&quot;:4673,&quot;3&quot;:{&quot;1&quot;:0},&quot;9&quot;:2,&quot;12&quot;:0,&quot;15&quot;:&quot;Montserrat&quot;}\">15\/20 mm<\/span><\/td>\n<td><span data-sheets-value=\"{&quot;1&quot;:2,&quot;2&quot;:&quot;20\/40mm&quot;}\" data-sheets-userformat=\"{&quot;2&quot;:4673,&quot;3&quot;:{&quot;1&quot;:0},&quot;9&quot;:2,&quot;12&quot;:0,&quot;15&quot;:&quot;Montserrat&quot;}\">20\/40 mm<\/span><\/td>\n<td><span data-sheets-value=\"{&quot;1&quot;:2,&quot;2&quot;:&quot;4,0mm&quot;}\" data-sheets-userformat=\"{&quot;2&quot;:4673,&quot;3&quot;:{&quot;1&quot;:0},&quot;9&quot;:2,&quot;12&quot;:0,&quot;15&quot;:&quot;Montserrat&quot;}\">4,0 mm<\/span><\/td>\n<td><span data-sheets-value=\"{&quot;1&quot;:2,&quot;2&quot;:&quot;22,23mm \/25,4mm 50\/60mm&quot;}\" data-sheets-userformat=\"{&quot;2&quot;:4929,&quot;3&quot;:{&quot;1&quot;:0},&quot;9&quot;:2,&quot;11&quot;:4,&quot;12&quot;:0,&quot;15&quot;:&quot;Montserrat&quot;}\">22,23 mm \/25,4 mm 50\/60 mm<\/span><\/td>\n<\/tr>\n<\/tbody>\n<\/table>\n<p>&nbsp;<\/p>\n","protected":false},"excerpt":{"rendered":"<p>Timanttiter\u00e4 asfaltille \u00d8 350-450 mm. Timanttity\u00f6kalumme on suunniteltu t\u00e4ytt\u00e4m\u00e4\u00e4n korkeimmat laatuvaatimukset.\u00a0 PESKAN TIMANTTITY\u00d6KALUT TEKEV\u00c4T ENEMM\u00c4N JA KEST\u00c4V\u00c4T PIDEMP\u00c4\u00c4N. EDUT:\u00a0 \u00a0 Leikkaa nopeammin. T\u00e4m\u00e4 johtuu ainutlaatuisista timanttisegmenteist\u00e4, jotka on sijoitettu kuvioon, jonka avulla ne voivat leikata materiaalia tehokkaammin. Suurempi sahausnopeus lis\u00e4\u00e4 tuotantokapasiteettia ja tehokkuutta joissakin tapauksissa jopa 100 % \u00a0 \u00a0 Kest\u00e4\u00e4 pidem\u00e4p\u00e4\u00e4n. T\u00e4m\u00e4 johtuu n\u00e4iden<\/p>\n","protected":false},"featured_media":2267,"comment_status":"closed","ping_status":"closed","template":"","meta":{"inline_featured_image":false,"_kad_blocks_custom_css":"","_kad_blocks_head_custom_js":"","_kad_blocks_body_custom_js":"","_kad_blocks_footer_custom_js":"","_kadence_starter_templates_imported_post":false,"_kad_post_transparent":"default","_kad_post_title":"","_kad_post_layout":"default","_kad_post_sidebar_id":"","_kad_post_content_style":"default","_kad_post_vertical_padding":"default","_kad_post_feature":"","_kad_post_feature_position":"","_kad_post_header":false,"_kad_post_footer":false,"_kad_post_classname":""},"product_brand":[],"product_cat":[83],"product_tag":[128],"class_list":{"0":"post-3459","1":"product","2":"type-product","3":"status-publish","4":"has-post-thumbnail","6":"product_cat-timantti-sahanterat","7":"product_tag-asfaltti-fi-2","9":"first","10":"instock","11":"shipping-taxable","12":"purchasable","13":"product-type-simple","14":"entry","15":"content-bg","16":"loop-entry"},"yoast_head":"<!-- This site is optimized with the Yoast SEO plugin v27.6 - https:\/\/yoast.com\/product\/yoast-seo-wordpress\/ -->\n<title>Timanttilaikka asfaltti \u00d8 350-450 mm | Nopeampi. Kest\u00e4v\u00e4mpi. Ter\u00e4v\u00e4mpi.<\/title>\n<meta name=\"description\" content=\"Timanttilaikka asfaltin sahaukseen. Nosta tuottavuus markkinoiden tehokkaimmilla terill\u00e4. Viimeisint\u00e4 ARIX-tekniikkaa, tehokasta tuotantoa!\" \/>\n<meta name=\"robots\" content=\"index, follow, max-snippet:-1, max-image-preview:large, max-video-preview:-1\" \/>\n<link rel=\"canonical\" href=\"https:\/\/peskasolutions.com\/fi\/tuote\/timanttilaikka-asfaltti-o-350-450-mm\/\" \/>\n<meta property=\"og:locale\" content=\"fi_FI\" \/>\n<meta property=\"og:type\" content=\"article\" \/>\n<meta property=\"og:title\" content=\"Timanttilaikka asfaltti \u00d8 350-450 mm | Nopeampi. Kest\u00e4v\u00e4mpi. Ter\u00e4v\u00e4mpi.\" \/>\n<meta property=\"og:description\" content=\"Timanttilaikka asfaltin sahaukseen. Nosta tuottavuus markkinoiden tehokkaimmilla terill\u00e4. Viimeisint\u00e4 ARIX-tekniikkaa, tehokasta tuotantoa!\" \/>\n<meta property=\"og:url\" content=\"https:\/\/peskasolutions.com\/fi\/tuote\/timanttilaikka-asfaltti-o-350-450-mm\/\" \/>\n<meta property=\"og:site_name\" content=\"Peska\" \/>\n<meta property=\"article:modified_time\" content=\"2023-09-16T07:03:17+00:00\" \/>\n<meta property=\"og:image\" content=\"https:\/\/peskasolutions.com\/wp-content\/uploads\/2021\/09\/asfalt-sagblad-peskasolutions.jpg\" \/>\n\t<meta property=\"og:image:width\" content=\"800\" \/>\n\t<meta property=\"og:image:height\" content=\"800\" \/>\n\t<meta property=\"og:image:type\" content=\"image\/jpeg\" \/>\n<meta name=\"twitter:card\" content=\"summary_large_image\" \/>\n<meta name=\"twitter:label1\" content=\"Arvioitu lukuaika\" \/>\n\t<meta name=\"twitter:data1\" content=\"1 minuutti\" \/>\n<script type=\"application\/ld+json\" class=\"yoast-schema-graph\">{\"@context\":\"https:\\\/\\\/schema.org\",\"@graph\":[{\"@type\":\"WebPage\",\"@id\":\"https:\\\/\\\/peskasolutions.com\\\/fi\\\/tuote\\\/timanttilaikka-asfaltti-o-350-450-mm\\\/\",\"url\":\"https:\\\/\\\/peskasolutions.com\\\/fi\\\/tuote\\\/timanttilaikka-asfaltti-o-350-450-mm\\\/\",\"name\":\"Timanttilaikka asfaltti \u00d8 350-450 mm | Nopeampi. Kest\u00e4v\u00e4mpi. Ter\u00e4v\u00e4mpi.\",\"isPartOf\":{\"@id\":\"https:\\\/\\\/peskasolutions.com\\\/fi\\\/#website\"},\"primaryImageOfPage\":{\"@id\":\"https:\\\/\\\/peskasolutions.com\\\/fi\\\/tuote\\\/timanttilaikka-asfaltti-o-350-450-mm\\\/#primaryimage\"},\"image\":{\"@id\":\"https:\\\/\\\/peskasolutions.com\\\/fi\\\/tuote\\\/timanttilaikka-asfaltti-o-350-450-mm\\\/#primaryimage\"},\"thumbnailUrl\":\"https:\\\/\\\/peskasolutions.com\\\/wp-content\\\/uploads\\\/2021\\\/09\\\/asfalt-sagblad-peskasolutions.jpg\",\"datePublished\":\"2021-09-21T16:32:26+00:00\",\"dateModified\":\"2023-09-16T07:03:17+00:00\",\"description\":\"Timanttilaikka asfaltin sahaukseen. Nosta tuottavuus markkinoiden tehokkaimmilla terill\u00e4. Viimeisint\u00e4 ARIX-tekniikkaa, tehokasta tuotantoa!\",\"breadcrumb\":{\"@id\":\"https:\\\/\\\/peskasolutions.com\\\/fi\\\/tuote\\\/timanttilaikka-asfaltti-o-350-450-mm\\\/#breadcrumb\"},\"inLanguage\":\"fi\",\"potentialAction\":[{\"@type\":\"ReadAction\",\"target\":[\"https:\\\/\\\/peskasolutions.com\\\/fi\\\/tuote\\\/timanttilaikka-asfaltti-o-350-450-mm\\\/\"]}]},{\"@type\":\"ImageObject\",\"inLanguage\":\"fi\",\"@id\":\"https:\\\/\\\/peskasolutions.com\\\/fi\\\/tuote\\\/timanttilaikka-asfaltti-o-350-450-mm\\\/#primaryimage\",\"url\":\"https:\\\/\\\/peskasolutions.com\\\/wp-content\\\/uploads\\\/2021\\\/09\\\/asfalt-sagblad-peskasolutions.jpg\",\"contentUrl\":\"https:\\\/\\\/peskasolutions.com\\\/wp-content\\\/uploads\\\/2021\\\/09\\\/asfalt-sagblad-peskasolutions.jpg\",\"width\":800,\"height\":800},{\"@type\":\"BreadcrumbList\",\"@id\":\"https:\\\/\\\/peskasolutions.com\\\/fi\\\/tuote\\\/timanttilaikka-asfaltti-o-350-450-mm\\\/#breadcrumb\",\"itemListElement\":[{\"@type\":\"ListItem\",\"position\":1,\"name\":\"Hem\",\"item\":\"https:\\\/\\\/peskasolutions.com\\\/fi\\\/\"},{\"@type\":\"ListItem\",\"position\":2,\"name\":\"Tuotteet\",\"item\":\"https:\\\/\\\/peskasolutions.com\\\/fi\\\/hiomalaikka-tuotteet\\\/\"},{\"@type\":\"ListItem\",\"position\":3,\"name\":\"TIMANTTILAIKKA ASFALTTI \u00d8 350-450 mm\"}]},{\"@type\":\"WebSite\",\"@id\":\"https:\\\/\\\/peskasolutions.com\\\/fi\\\/#website\",\"url\":\"https:\\\/\\\/peskasolutions.com\\\/fi\\\/\",\"name\":\"Peska\",\"description\":\"\",\"publisher\":{\"@id\":\"https:\\\/\\\/peskasolutions.com\\\/fi\\\/#organization\"},\"potentialAction\":[{\"@type\":\"SearchAction\",\"target\":{\"@type\":\"EntryPoint\",\"urlTemplate\":\"https:\\\/\\\/peskasolutions.com\\\/fi\\\/?s={search_term_string}\"},\"query-input\":{\"@type\":\"PropertyValueSpecification\",\"valueRequired\":true,\"valueName\":\"search_term_string\"}}],\"inLanguage\":\"fi\"},{\"@type\":\"Organization\",\"@id\":\"https:\\\/\\\/peskasolutions.com\\\/fi\\\/#organization\",\"name\":\"Peska\",\"url\":\"https:\\\/\\\/peskasolutions.com\\\/fi\\\/\",\"logo\":{\"@type\":\"ImageObject\",\"inLanguage\":\"fi\",\"@id\":\"https:\\\/\\\/peskasolutions.com\\\/fi\\\/#\\\/schema\\\/logo\\\/image\\\/\",\"url\":\"https:\\\/\\\/peskasolutions.com\\\/wp-content\\\/uploads\\\/2023\\\/08\\\/peska_logo_vertical_green-1.png\",\"contentUrl\":\"https:\\\/\\\/peskasolutions.com\\\/wp-content\\\/uploads\\\/2023\\\/08\\\/peska_logo_vertical_green-1.png\",\"width\":107,\"height\":108,\"caption\":\"Peska\"},\"image\":{\"@id\":\"https:\\\/\\\/peskasolutions.com\\\/fi\\\/#\\\/schema\\\/logo\\\/image\\\/\"}}]}<\/script>\n<!-- \/ Yoast SEO plugin. -->","yoast_head_json":{"title":"Timanttilaikka asfaltti \u00d8 350-450 mm | Nopeampi. Kest\u00e4v\u00e4mpi. Ter\u00e4v\u00e4mpi.","description":"Timanttilaikka asfaltin sahaukseen. Nosta tuottavuus markkinoiden tehokkaimmilla terill\u00e4. Viimeisint\u00e4 ARIX-tekniikkaa, tehokasta tuotantoa!","robots":{"index":"index","follow":"follow","max-snippet":"max-snippet:-1","max-image-preview":"max-image-preview:large","max-video-preview":"max-video-preview:-1"},"canonical":"https:\/\/peskasolutions.com\/fi\/tuote\/timanttilaikka-asfaltti-o-350-450-mm\/","og_locale":"fi_FI","og_type":"article","og_title":"Timanttilaikka asfaltti \u00d8 350-450 mm | Nopeampi. Kest\u00e4v\u00e4mpi. Ter\u00e4v\u00e4mpi.","og_description":"Timanttilaikka asfaltin sahaukseen. Nosta tuottavuus markkinoiden tehokkaimmilla terill\u00e4. Viimeisint\u00e4 ARIX-tekniikkaa, tehokasta tuotantoa!","og_url":"https:\/\/peskasolutions.com\/fi\/tuote\/timanttilaikka-asfaltti-o-350-450-mm\/","og_site_name":"Peska","article_modified_time":"2023-09-16T07:03:17+00:00","og_image":[{"width":800,"height":800,"url":"https:\/\/peskasolutions.com\/wp-content\/uploads\/2021\/09\/asfalt-sagblad-peskasolutions.jpg","type":"image\/jpeg"}],"twitter_card":"summary_large_image","twitter_misc":{"Arvioitu lukuaika":"1 minuutti"},"schema":{"@context":"https:\/\/schema.org","@graph":[{"@type":"WebPage","@id":"https:\/\/peskasolutions.com\/fi\/tuote\/timanttilaikka-asfaltti-o-350-450-mm\/","url":"https:\/\/peskasolutions.com\/fi\/tuote\/timanttilaikka-asfaltti-o-350-450-mm\/","name":"Timanttilaikka asfaltti \u00d8 350-450 mm | Nopeampi. Kest\u00e4v\u00e4mpi. Ter\u00e4v\u00e4mpi.","isPartOf":{"@id":"https:\/\/peskasolutions.com\/fi\/#website"},"primaryImageOfPage":{"@id":"https:\/\/peskasolutions.com\/fi\/tuote\/timanttilaikka-asfaltti-o-350-450-mm\/#primaryimage"},"image":{"@id":"https:\/\/peskasolutions.com\/fi\/tuote\/timanttilaikka-asfaltti-o-350-450-mm\/#primaryimage"},"thumbnailUrl":"https:\/\/peskasolutions.com\/wp-content\/uploads\/2021\/09\/asfalt-sagblad-peskasolutions.jpg","datePublished":"2021-09-21T16:32:26+00:00","dateModified":"2023-09-16T07:03:17+00:00","description":"Timanttilaikka asfaltin sahaukseen. Nosta tuottavuus markkinoiden tehokkaimmilla terill\u00e4. Viimeisint\u00e4 ARIX-tekniikkaa, tehokasta tuotantoa!","breadcrumb":{"@id":"https:\/\/peskasolutions.com\/fi\/tuote\/timanttilaikka-asfaltti-o-350-450-mm\/#breadcrumb"},"inLanguage":"fi","potentialAction":[{"@type":"ReadAction","target":["https:\/\/peskasolutions.com\/fi\/tuote\/timanttilaikka-asfaltti-o-350-450-mm\/"]}]},{"@type":"ImageObject","inLanguage":"fi","@id":"https:\/\/peskasolutions.com\/fi\/tuote\/timanttilaikka-asfaltti-o-350-450-mm\/#primaryimage","url":"https:\/\/peskasolutions.com\/wp-content\/uploads\/2021\/09\/asfalt-sagblad-peskasolutions.jpg","contentUrl":"https:\/\/peskasolutions.com\/wp-content\/uploads\/2021\/09\/asfalt-sagblad-peskasolutions.jpg","width":800,"height":800},{"@type":"BreadcrumbList","@id":"https:\/\/peskasolutions.com\/fi\/tuote\/timanttilaikka-asfaltti-o-350-450-mm\/#breadcrumb","itemListElement":[{"@type":"ListItem","position":1,"name":"Hem","item":"https:\/\/peskasolutions.com\/fi\/"},{"@type":"ListItem","position":2,"name":"Tuotteet","item":"https:\/\/peskasolutions.com\/fi\/hiomalaikka-tuotteet\/"},{"@type":"ListItem","position":3,"name":"TIMANTTILAIKKA ASFALTTI \u00d8 350-450 mm"}]},{"@type":"WebSite","@id":"https:\/\/peskasolutions.com\/fi\/#website","url":"https:\/\/peskasolutions.com\/fi\/","name":"Peska","description":"","publisher":{"@id":"https:\/\/peskasolutions.com\/fi\/#organization"},"potentialAction":[{"@type":"SearchAction","target":{"@type":"EntryPoint","urlTemplate":"https:\/\/peskasolutions.com\/fi\/?s={search_term_string}"},"query-input":{"@type":"PropertyValueSpecification","valueRequired":true,"valueName":"search_term_string"}}],"inLanguage":"fi"},{"@type":"Organization","@id":"https:\/\/peskasolutions.com\/fi\/#organization","name":"Peska","url":"https:\/\/peskasolutions.com\/fi\/","logo":{"@type":"ImageObject","inLanguage":"fi","@id":"https:\/\/peskasolutions.com\/fi\/#\/schema\/logo\/image\/","url":"https:\/\/peskasolutions.com\/wp-content\/uploads\/2023\/08\/peska_logo_vertical_green-1.png","contentUrl":"https:\/\/peskasolutions.com\/wp-content\/uploads\/2023\/08\/peska_logo_vertical_green-1.png","width":107,"height":108,"caption":"Peska"},"image":{"@id":"https:\/\/peskasolutions.com\/fi\/#\/schema\/logo\/image\/"}}]}},"taxonomy_info":{"product_cat":[{"value":83,"label":"Timantti sahanter\u00e4t"}],"product_tag":[{"value":128,"label":"Asfaltti"}]},"featured_image_src_large":["https:\/\/peskasolutions.com\/wp-content\/uploads\/2021\/09\/asfalt-sagblad-peskasolutions.jpg",800,800,false],"author_info":[],"comment_info":0,"_links":{"self":[{"href":"https:\/\/peskasolutions.com\/fi\/wp-json\/wp\/v2\/product\/3459","targetHints":{"allow":["GET"]}}],"collection":[{"href":"https:\/\/peskasolutions.com\/fi\/wp-json\/wp\/v2\/product"}],"about":[{"href":"https:\/\/peskasolutions.com\/fi\/wp-json\/wp\/v2\/types\/product"}],"replies":[{"embeddable":true,"href":"https:\/\/peskasolutions.com\/fi\/wp-json\/wp\/v2\/comments?post=3459"}],"wp:featuredmedia":[{"embeddable":true,"href":"https:\/\/peskasolutions.com\/fi\/wp-json\/wp\/v2\/media\/2267"}],"wp:attachment":[{"href":"https:\/\/peskasolutions.com\/fi\/wp-json\/wp\/v2\/media?parent=3459"}],"wp:term":[{"taxonomy":"product_brand","embeddable":true,"href":"https:\/\/peskasolutions.com\/fi\/wp-json\/wp\/v2\/product_brand?post=3459"},{"taxonomy":"product_cat","embeddable":true,"href":"https:\/\/peskasolutions.com\/fi\/wp-json\/wp\/v2\/product_cat?post=3459"},{"taxonomy":"product_tag","embeddable":true,"href":"https:\/\/peskasolutions.com\/fi\/wp-json\/wp\/v2\/product_tag?post=3459"}],"curies":[{"name":"wp","href":"https:\/\/api.w.org\/{rel}","templated":true}]}}